{"id":4026,"date":"2024-08-09T22:39:23","date_gmt":"2024-08-09T22:39:23","guid":{"rendered":"https:\/\/dasafoods.com\/?post_type=product&#038;p=4026"},"modified":"2024-08-09T23:29:32","modified_gmt":"2024-08-09T23:29:32","slug":"hojuelas-chile-miel","status":"publish","type":"product","link":"https:\/\/dasafoods.com\/es\/product\/hojuelas-chile-miel\/","title":{"rendered":"<span><b>Hojuelas de <\/b>Chile con Miel<\/span>"},"content":{"rendered":"<p>Mezcla de hojuelas de chile infusionadas con la dulzura de la miel. Esta combinaci\u00f3n ofrece un equilibrio perfecto entre el picante y lo dulce, creando un ingrediente vers\u00e1til que realza varios platillos con su distintivo perfil de sabor.<\/p>\n","protected":false},"excerpt":{"rendered":"<div>\n<h6 style=\"text-align: justify;\">Perfil de Sabor<\/h6>\n<p style=\"text-align: justify;\">Una mezcla armoniosa de picante y dulce, estas hojuelas proporcionan una explosi\u00f3n inicial de picor de chile seguida de un suave final de miel. El equilibrio de estos sabores contrastantes las convierte en una adici\u00f3n deliciosa a cualquier creaci\u00f3n culinaria.<\/p>\n<\/div>\n<div>\n<h6 style=\"text-align: justify;\">Utilizado para Productos Como<\/h6>\n<p style=\"text-align: justify;\">\u00abPalomitas de ma\u00edz gourmet, Barras de snack, Glaseados para carnes, Aderezos para ensaladas, Coberturas para pizza, Salsas picantes de miel<\/p>\n<\/div>\n","protected":false},"featured_media":4028,"template":"","meta":[],"product_cat":[114],"product_tag":[81],"class_list":{"0":"post-4026","1":"product","2":"type-product","3":"status-publish","4":"has-post-thumbnail","6":"product_cat-chiles-es","7":"product_tag-spices-seasonings-es","9":"first","10":"instock","11":"shipping-taxable","12":"product-type-external"},"yoast_head":"<!-- This site is optimized with the Yoast SEO plugin v26.0 - https:\/\/yoast.com\/wordpress\/plugins\/seo\/ -->\n<title>DASA - Hojuelas de Chile con Miel<\/title>\n<meta name=\"robots\" content=\"index, follow, max-snippet:-1, max-image-preview:large, max-video-preview:-1\" \/>\n<link rel=\"canonical\" href=\"https:\/\/dasafoods.com\/es\/product\/hojuelas-chile-miel\/\" \/>\n<meta property=\"og:locale\" content=\"es_ES\" \/>\n<meta property=\"og:type\" content=\"article\" \/>\n<meta property=\"og:title\" content=\"DASA - Hojuelas de Chile con Miel\" \/>\n<meta property=\"og:description\" content=\"Perfil de Sabor Una mezcla armoniosa de picante y dulce, estas hojuelas proporcionan una explosi\u00f3n inicial de picor de chile seguida de un suave final de miel. El equilibrio de estos sabores contrastantes las convierte en una adici\u00f3n deliciosa a cualquier creaci\u00f3n culinaria.    Utilizado para Productos Como &quot;Palomitas de ma\u00edz gourmet, Barras de snack, Glaseados para carnes, Aderezos para ensaladas, Coberturas para pizza, Salsas picantes de miel\" \/>\n<meta property=\"og:url\" content=\"https:\/\/dasafoods.com\/es\/product\/hojuelas-chile-miel\/\" \/>\n<meta property=\"og:site_name\" content=\"DASA\" \/>\n<meta property=\"article:modified_time\" content=\"2024-08-09T23:29:32+00:00\" \/>\n<meta property=\"og:image\" content=\"https:\/\/dasafoods.com\/wp-content\/uploads\/2024\/08\/honey-flakes.png\" \/>\n\t<meta property=\"og:image:width\" content=\"675\" \/>\n\t<meta property=\"og:image:height\" content=\"800\" \/>\n\t<meta property=\"og:image:type\" content=\"image\/png\" \/>\n<meta name=\"twitter:card\" content=\"summary_large_image\" \/>\n<meta name=\"twitter:label1\" content=\"Tiempo de lectura\" \/>\n\t<meta name=\"twitter:data1\" content=\"1 minuto\" \/>\n<script type=\"application\/ld+json\" class=\"yoast-schema-graph\">{\"@context\":\"https:\/\/schema.org\",\"@graph\":[{\"@type\":\"WebPage\",\"@id\":\"https:\/\/dasafoods.com\/es\/product\/hojuelas-chile-miel\/\",\"url\":\"https:\/\/dasafoods.com\/es\/product\/hojuelas-chile-miel\/\",\"name\":\"DASA - Hojuelas de Chile con Miel\",\"isPartOf\":{\"@id\":\"https:\/\/dasafoods.com\/es\/#website\"},\"primaryImageOfPage\":{\"@id\":\"https:\/\/dasafoods.com\/es\/product\/hojuelas-chile-miel\/#primaryimage\"},\"image\":{\"@id\":\"https:\/\/dasafoods.com\/es\/product\/hojuelas-chile-miel\/#primaryimage\"},\"thumbnailUrl\":\"https:\/\/dasafoods.com\/wp-content\/uploads\/2024\/08\/miel-hojuela-1.png\",\"datePublished\":\"2024-08-09T22:39:23+00:00\",\"dateModified\":\"2024-08-09T23:29:32+00:00\",\"breadcrumb\":{\"@id\":\"https:\/\/dasafoods.com\/es\/product\/hojuelas-chile-miel\/#breadcrumb\"},\"inLanguage\":\"es\",\"potentialAction\":[{\"@type\":\"ReadAction\",\"target\":[\"https:\/\/dasafoods.com\/es\/product\/hojuelas-chile-miel\/\"]}]},{\"@type\":\"ImageObject\",\"inLanguage\":\"es\",\"@id\":\"https:\/\/dasafoods.com\/es\/product\/hojuelas-chile-miel\/#primaryimage\",\"url\":\"https:\/\/dasafoods.com\/wp-content\/uploads\/2024\/08\/miel-hojuela-1.png\",\"contentUrl\":\"https:\/\/dasafoods.com\/wp-content\/uploads\/2024\/08\/miel-hojuela-1.png\",\"width\":675,\"height\":800},{\"@type\":\"BreadcrumbList\",\"@id\":\"https:\/\/dasafoods.com\/es\/product\/hojuelas-chile-miel\/#breadcrumb\",\"itemListElement\":[{\"@type\":\"ListItem\",\"position\":1,\"name\":\"Inicio\",\"item\":\"https:\/\/dasafoods.com\/es\/\"},{\"@type\":\"ListItem\",\"position\":2,\"name\":\"Productos\",\"item\":\"https:\/\/dasafoods.com\/es\/shop\/\"},{\"@type\":\"ListItem\",\"position\":3,\"name\":\"Hojuelas de Chile con Miel\"}]},{\"@type\":\"WebSite\",\"@id\":\"https:\/\/dasafoods.com\/es\/#website\",\"url\":\"https:\/\/dasafoods.com\/es\/\",\"name\":\"DASA\",\"description\":\"Authentic Food Innovation\",\"publisher\":{\"@id\":\"https:\/\/dasafoods.com\/es\/#organization\"},\"potentialAction\":[{\"@type\":\"SearchAction\",\"target\":{\"@type\":\"EntryPoint\",\"urlTemplate\":\"https:\/\/dasafoods.com\/es\/?s={search_term_string}\"},\"query-input\":{\"@type\":\"PropertyValueSpecification\",\"valueRequired\":true,\"valueName\":\"search_term_string\"}}],\"inLanguage\":\"es\"},{\"@type\":\"Organization\",\"@id\":\"https:\/\/dasafoods.com\/es\/#organization\",\"name\":\"DASA\",\"url\":\"https:\/\/dasafoods.com\/es\/\",\"logo\":{\"@type\":\"ImageObject\",\"inLanguage\":\"es\",\"@id\":\"https:\/\/dasafoods.com\/es\/#\/schema\/logo\/image\/\",\"url\":\"https:\/\/dasafoods.com\/wp-content\/uploads\/2024\/07\/DM-SIN-FONDO-4.png\",\"contentUrl\":\"https:\/\/dasafoods.com\/wp-content\/uploads\/2024\/07\/DM-SIN-FONDO-4.png\",\"width\":1110,\"height\":768,\"caption\":\"DASA\"},\"image\":{\"@id\":\"https:\/\/dasafoods.com\/es\/#\/schema\/logo\/image\/\"}}]}<\/script>\n<!-- \/ Yoast SEO plugin. -->","yoast_head_json":{"title":"DASA - Hojuelas de Chile con Miel","robots":{"index":"index","follow":"follow","max-snippet":"max-snippet:-1","max-image-preview":"max-image-preview:large","max-video-preview":"max-video-preview:-1"},"canonical":"https:\/\/dasafoods.com\/es\/product\/hojuelas-chile-miel\/","og_locale":"es_ES","og_type":"article","og_title":"DASA - Hojuelas de Chile con Miel","og_description":"Perfil de Sabor Una mezcla armoniosa de picante y dulce, estas hojuelas proporcionan una explosi\u00f3n inicial de picor de chile seguida de un suave final de miel. El equilibrio de estos sabores contrastantes las convierte en una adici\u00f3n deliciosa a cualquier creaci\u00f3n culinaria.    Utilizado para Productos Como \"Palomitas de ma\u00edz gourmet, Barras de snack, Glaseados para carnes, Aderezos para ensaladas, Coberturas para pizza, Salsas picantes de miel","og_url":"https:\/\/dasafoods.com\/es\/product\/hojuelas-chile-miel\/","og_site_name":"DASA","article_modified_time":"2024-08-09T23:29:32+00:00","og_image":[{"width":675,"height":800,"url":"https:\/\/dasafoods.com\/wp-content\/uploads\/2024\/08\/honey-flakes.png","type":"image\/png"}],"twitter_card":"summary_large_image","twitter_misc":{"Tiempo de lectura":"1 minuto"},"schema":{"@context":"https:\/\/schema.org","@graph":[{"@type":"WebPage","@id":"https:\/\/dasafoods.com\/es\/product\/hojuelas-chile-miel\/","url":"https:\/\/dasafoods.com\/es\/product\/hojuelas-chile-miel\/","name":"DASA - Hojuelas de Chile con Miel","isPartOf":{"@id":"https:\/\/dasafoods.com\/es\/#website"},"primaryImageOfPage":{"@id":"https:\/\/dasafoods.com\/es\/product\/hojuelas-chile-miel\/#primaryimage"},"image":{"@id":"https:\/\/dasafoods.com\/es\/product\/hojuelas-chile-miel\/#primaryimage"},"thumbnailUrl":"https:\/\/dasafoods.com\/wp-content\/uploads\/2024\/08\/miel-hojuela-1.png","datePublished":"2024-08-09T22:39:23+00:00","dateModified":"2024-08-09T23:29:32+00:00","breadcrumb":{"@id":"https:\/\/dasafoods.com\/es\/product\/hojuelas-chile-miel\/#breadcrumb"},"inLanguage":"es","potentialAction":[{"@type":"ReadAction","target":["https:\/\/dasafoods.com\/es\/product\/hojuelas-chile-miel\/"]}]},{"@type":"ImageObject","inLanguage":"es","@id":"https:\/\/dasafoods.com\/es\/product\/hojuelas-chile-miel\/#primaryimage","url":"https:\/\/dasafoods.com\/wp-content\/uploads\/2024\/08\/miel-hojuela-1.png","contentUrl":"https:\/\/dasafoods.com\/wp-content\/uploads\/2024\/08\/miel-hojuela-1.png","width":675,"height":800},{"@type":"BreadcrumbList","@id":"https:\/\/dasafoods.com\/es\/product\/hojuelas-chile-miel\/#breadcrumb","itemListElement":[{"@type":"ListItem","position":1,"name":"Inicio","item":"https:\/\/dasafoods.com\/es\/"},{"@type":"ListItem","position":2,"name":"Productos","item":"https:\/\/dasafoods.com\/es\/shop\/"},{"@type":"ListItem","position":3,"name":"Hojuelas de Chile con Miel"}]},{"@type":"WebSite","@id":"https:\/\/dasafoods.com\/es\/#website","url":"https:\/\/dasafoods.com\/es\/","name":"DASA","description":"Authentic Food Innovation","publisher":{"@id":"https:\/\/dasafoods.com\/es\/#organization"},"potentialAction":[{"@type":"SearchAction","target":{"@type":"EntryPoint","urlTemplate":"https:\/\/dasafoods.com\/es\/?s={search_term_string}"},"query-input":{"@type":"PropertyValueSpecification","valueRequired":true,"valueName":"search_term_string"}}],"inLanguage":"es"},{"@type":"Organization","@id":"https:\/\/dasafoods.com\/es\/#organization","name":"DASA","url":"https:\/\/dasafoods.com\/es\/","logo":{"@type":"ImageObject","inLanguage":"es","@id":"https:\/\/dasafoods.com\/es\/#\/schema\/logo\/image\/","url":"https:\/\/dasafoods.com\/wp-content\/uploads\/2024\/07\/DM-SIN-FONDO-4.png","contentUrl":"https:\/\/dasafoods.com\/wp-content\/uploads\/2024\/07\/DM-SIN-FONDO-4.png","width":1110,"height":768,"caption":"DASA"},"image":{"@id":"https:\/\/dasafoods.com\/es\/#\/schema\/logo\/image\/"}}]}},"_links":{"self":[{"href":"https:\/\/dasafoods.com\/es\/wp-json\/wp\/v2\/product\/4026","targetHints":{"allow":["GET"]}}],"collection":[{"href":"https:\/\/dasafoods.com\/es\/wp-json\/wp\/v2\/product"}],"about":[{"href":"https:\/\/dasafoods.com\/es\/wp-json\/wp\/v2\/types\/product"}],"wp:featuredmedia":[{"embeddable":true,"href":"https:\/\/dasafoods.com\/es\/wp-json\/wp\/v2\/media\/4028"}],"wp:attachment":[{"href":"https:\/\/dasafoods.com\/es\/wp-json\/wp\/v2\/media?parent=4026"}],"wp:term":[{"taxonomy":"product_cat","embeddable":true,"href":"https:\/\/dasafoods.com\/es\/wp-json\/wp\/v2\/product_cat?post=4026"},{"taxonomy":"product_tag","embeddable":true,"href":"https:\/\/dasafoods.com\/es\/wp-json\/wp\/v2\/product_tag?post=4026"}],"curies":[{"name":"wp","href":"https:\/\/api.w.org\/{rel}","templated":true}]}}